{"id":98,"date":"2025-03-28T14:22:21","date_gmt":"2025-03-28T14:22:21","guid":{"rendered":"https:\/\/stylinghairandnails.nl\/?page_id=98"},"modified":"2025-04-19T13:27:26","modified_gmt":"2025-04-19T13:27:26","slug":"about","status":"publish","type":"page","link":"https:\/\/stylinghairandnails.nl\/index.php\/about\/","title":{"rendered":"About"},"content":{"rendered":"\t\t<div data-elementor-type=\"wp-page\" data-elementor-id=\"98\" class=\"elementor elementor-98\">\n\t\t\t\t<div class=\"elementor-element elementor-element-28b0446f e-flex e-con-boxed e-con e-parent\" data-id=\"28b0446f\" data-element_type=\"container\">\n\t\t\t\t\t<div class=\"e-con-inner\">\n\t\t\t\t<div class=\"elementor-element elementor-element-e0c7543 elementor-widget elementor-widget-spacer\" data-id=\"e0c7543\" data-element_type=\"widget\" data-widget_type=\"spacer.default\">\n\t\t\t\t<div class=\"elementor-widget-container\">\n\t\t\t\t\t\t\t<div class=\"elementor-spacer\">\n\t\t\t<div class=\"elementor-spacer-inner\"><\/div>\n\t\t<\/div>\n\t\t\t\t\t\t<\/div>\n\t\t\t\t<\/div>\n\t\t\t\t<div class=\"elementor-element elementor-element-641901c elementor-arrows-position-inside elementor-pagination-position-outside elementor-widget elementor-widget-image-carousel\" data-id=\"641901c\" data-element_type=\"widget\" data-settings=\"{&quot;slides_to_show&quot;:&quot;3&quot;,&quot;navigation&quot;:&quot;both&quot;,&quot;autoplay&quot;:&quot;yes&quot;,&quot;pause_on_hover&quot;:&quot;yes&quot;,&quot;pause_on_interaction&quot;:&quot;yes&quot;,&quot;autoplay_speed&quot;:5000,&quot;infinite&quot;:&quot;yes&quot;,&quot;speed&quot;:500,&quot;image_spacing_custom&quot;:{&quot;unit&quot;:&quot;px&quot;,&quot;size&quot;:20,&quot;sizes&quot;:[]},&quot;image_spacing_custom_tablet&quot;:{&quot;unit&quot;:&quot;px&quot;,&quot;size&quot;:&quot;&quot;,&quot;sizes&quot;:[]},&quot;image_spacing_custom_mobile&quot;:{&quot;unit&quot;:&quot;px&quot;,&quot;size&quot;:&quot;&quot;,&quot;sizes&quot;:[]}}\" data-widget_type=\"image-carousel.default\">\n\t\t\t\t<div class=\"elementor-widget-container\">\n\t\t\t\t\t\t\t<div class=\"elementor-image-carousel-wrapper swiper\" role=\"region\" aria-roledescription=\"carousel\" aria-label=\"Image Carousel\" dir=\"ltr\">\n\t\t\t<div class=\"elementor-image-carousel swiper-wrapper\" aria-live=\"off\">\n\t\t\t\t\t\t\t\t<div class=\"swiper-slide\" role=\"group\" aria-roledescription=\"slide\" aria-label=\"1 of 11\"><figure class=\"swiper-slide-inner\"><img decoding=\"async\" class=\"swiper-slide-image\" src=\"https:\/\/stylinghairandnails.nl\/wp-content\/uploads\/2025\/03\/5T8A8864-768x512.jpg\" alt=\"5T8A8864\" \/><\/figure><\/div><div class=\"swiper-slide\" role=\"group\" aria-roledescription=\"slide\" aria-label=\"2 of 11\"><figure class=\"swiper-slide-inner\"><img decoding=\"async\" class=\"swiper-slide-image\" src=\"https:\/\/stylinghairandnails.nl\/wp-content\/uploads\/2025\/04\/2-1.jpg\" alt=\"2\" \/><\/figure><\/div><div class=\"swiper-slide\" role=\"group\" aria-roledescription=\"slide\" aria-label=\"3 of 11\"><figure class=\"swiper-slide-inner\"><img decoding=\"async\" class=\"swiper-slide-image\" src=\"https:\/\/stylinghairandnails.nl\/wp-content\/uploads\/2025\/03\/welift0-768x915.jpg\" alt=\"welift0\" \/><\/figure><\/div><div class=\"swiper-slide\" role=\"group\" aria-roledescription=\"slide\" aria-label=\"4 of 11\"><figure class=\"swiper-slide-inner\"><img decoding=\"async\" class=\"swiper-slide-image\" src=\"https:\/\/stylinghairandnails.nl\/wp-content\/uploads\/2025\/03\/welift2-768x512.jpg\" alt=\"welift2\" \/><\/figure><\/div><div class=\"swiper-slide\" role=\"group\" aria-roledescription=\"slide\" aria-label=\"5 of 11\"><figure class=\"swiper-slide-inner\"><img decoding=\"async\" class=\"swiper-slide-image\" src=\"https:\/\/stylinghairandnails.nl\/wp-content\/uploads\/2025\/04\/202412_WeLift_110939_D5_149251-kopie-768x512.jpg\" alt=\"202412_WeLift_110939_D5_149251 kopie\" \/><\/figure><\/div><div class=\"swiper-slide\" role=\"group\" aria-roledescription=\"slide\" aria-label=\"6 of 11\"><figure class=\"swiper-slide-inner\"><img decoding=\"async\" class=\"swiper-slide-image\" src=\"https:\/\/stylinghairandnails.nl\/wp-content\/uploads\/2025\/04\/202412_WeLift_111011_D5_149263-kopie-768x512.jpg\" alt=\"202412_WeLift_111011_D5_149263 kopie\" \/><\/figure><\/div><div class=\"swiper-slide\" role=\"group\" aria-roledescription=\"slide\" aria-label=\"7 of 11\"><figure class=\"swiper-slide-inner\"><img decoding=\"async\" class=\"swiper-slide-image\" src=\"https:\/\/stylinghairandnails.nl\/wp-content\/uploads\/2025\/04\/c1dcded4-6d8a-47ea-9019-39f6d7a2d392-768x512.jpg\" alt=\"c1dcded4-6d8a-47ea-9019-39f6d7a2d392\" \/><\/figure><\/div><div class=\"swiper-slide\" role=\"group\" aria-roledescription=\"slide\" aria-label=\"8 of 11\"><figure class=\"swiper-slide-inner\"><img decoding=\"async\" class=\"swiper-slide-image\" src=\"https:\/\/stylinghairandnails.nl\/wp-content\/uploads\/2025\/04\/2-768x512.jpg\" alt=\"2\" \/><\/figure><\/div><div class=\"swiper-slide\" role=\"group\" aria-roledescription=\"slide\" aria-label=\"9 of 11\"><figure class=\"swiper-slide-inner\"><img decoding=\"async\" class=\"swiper-slide-image\" src=\"https:\/\/stylinghairandnails.nl\/wp-content\/uploads\/2025\/04\/3-768x512.jpg\" alt=\"3\" \/><\/figure><\/div><div class=\"swiper-slide\" role=\"group\" aria-roledescription=\"slide\" aria-label=\"10 of 11\"><figure class=\"swiper-slide-inner\"><img decoding=\"async\" class=\"swiper-slide-image\" src=\"https:\/\/stylinghairandnails.nl\/wp-content\/uploads\/2025\/04\/454b63c8-d927-4c13-9c74-a1788e51bbc4-1-768x500.jpg\" alt=\"454b63c8-d927-4c13-9c74-a1788e51bbc4\" \/><\/figure><\/div><div class=\"swiper-slide\" role=\"group\" aria-roledescription=\"slide\" aria-label=\"11 of 11\"><figure class=\"swiper-slide-inner\"><img decoding=\"async\" class=\"swiper-slide-image\" src=\"https:\/\/stylinghairandnails.nl\/wp-content\/uploads\/2025\/04\/welift11-768x1228.jpg\" alt=\"welift11\" \/><\/figure><\/div>\t\t\t<\/div>\n\t\t\t\t\t\t\t\t\t\t\t\t<div class=\"elementor-swiper-button elementor-swiper-button-prev\" role=\"button\" tabindex=\"0\">\n\t\t\t\t\t\t<svg aria-hidden=\"true\" class=\"e-font-icon-svg e-eicon-chevron-left\" viewBox=\"0 0 1000 1000\" xmlns=\"http:\/\/www.w3.org\/2000\/svg\"><path d=\"M646 125C629 125 613 133 604 142L308 442C296 454 292 471 292 487 292 504 296 521 308 533L604 854C617 867 629 875 646 875 663 875 679 871 692 858 704 846 713 829 713 812 713 796 708 779 692 767L438 487 692 225C700 217 708 204 708 187 708 171 704 154 692 142 675 129 663 125 646 125Z\"><\/path><\/svg>\t\t\t\t\t<\/div>\n\t\t\t\t\t<div class=\"elementor-swiper-button elementor-swiper-button-next\" role=\"button\" tabindex=\"0\">\n\t\t\t\t\t\t<svg aria-hidden=\"true\" class=\"e-font-icon-svg e-eicon-chevron-right\" viewBox=\"0 0 1000 1000\" xmlns=\"http:\/\/www.w3.org\/2000\/svg\"><path d=\"M696 533C708 521 713 504 713 487 713 471 708 454 696 446L400 146C388 133 375 125 354 125 338 125 325 129 313 142 300 154 292 171 292 187 292 204 296 221 308 233L563 492 304 771C292 783 288 800 288 817 288 833 296 850 308 863 321 871 338 875 354 875 371 875 388 867 400 854L696 533Z\"><\/path><\/svg>\t\t\t\t\t<\/div>\n\t\t\t\t\n\t\t\t\t\t\t\t\t\t<div class=\"swiper-pagination\"><\/div>\n\t\t\t\t\t\t\t\t\t<\/div>\n\t\t\t\t\t\t<\/div>\n\t\t\t\t<\/div>\n\t\t\t\t<div class=\"elementor-element elementor-element-a65f4f6 elementor-widget elementor-widget-text-editor\" data-id=\"a65f4f6\" data-element_type=\"widget\" data-widget_type=\"text-editor.default\">\n\t\t\t\t<div class=\"elementor-widget-container\">\n\t\t\t\t\t\t\t\t\t<p>Mijn naam is Aukje Middelham. Ik ben zzp\u2019er en werk sinds 2000 als ambulant kapster en vanaf 2005 ook als nagelstyliste. Als kind was ik altijd al bezig met het haar van mijn klasgenootjes, zusjes en poppen \u2013 ik wist dus al vroeg wat ik wilde worden. Na vier jaar IVO-MAVO ben ik op mijn 17e naar de kappersopleiding gegaan.<\/p><p>Ik vond de combinatie van werken en leren geweldig \u2013 het paste helemaal bij mij. Al snel had ik een baan voor drie dagen per week bij Kapsalon Elsenaar aan de oude Velperweg. Na een half jaar maakte ik de overstap naar Guido Coiffure in Oosterbeek, waar ik meer dan vier dagen per week werkte en \u00e9\u00e9n dag per week naar school ging. Ik volgde twee jaar dameskappen en \u00e9\u00e9n jaar herenkappen. Dat laatste jaar was een avondopleiding, zodat we meer konden werken. Al snel werkte ik vijf dagen per week.<\/p><p>Na twee jaar rondde ik de opleiding Dameskappen succesvol af, met goede cijfers. Het jaar daarna behaalde ik ook mijn diploma Herenkappen. In totaal heb ik zeven jaar bij Guido Coiffure gewerkt \u2013 een fijne tijd bij een fantastisch leerbedrijf. Toch voelde ik na die periode de behoefte aan iets nieuws.<\/p><p>Na een paar maanden begon ik het kappersvak en vooral het contact met klanten te missen. Daarom besloot ik me in te schrijven bij de Kamer van Koophandel en als ambulant kapster aan de slag te gaan. Dat bleek een gouden zet. Kort daarna belde een collega die als ambulant kapster in de regio Oosterbeek werkte. Ik dacht eerst dat ze me wilde waarschuwen dat ik niet in haar gebied moest werken, maar tot mijn verrassing vertelde ze dat ze ging stoppen en vroeg of ze haar klanten mijn telefoonnummer mocht geven. Dankzij haar had ik ineens een hele nieuwe klantenkring. Daar ben ik nog steeds enorm dankbaar voor.<\/p><p>In 2005 begon ik met een opleiding tot nagelstyliste en richtte ik een tuinkamer in op het erf van mijn ouders, waar ik sindsdien werk. Klanten die van verder komen voor een knip- of kleurbehandeling ontvangen ik daar. Zo komt er een trouwe klant uit Scheveningen speciaal naar mij toe voor kleuren, knippen en f\u00f6hnen, en een klant uit Baarn die ik via Instagram heb leren kennen, komt voor het knippen van haar krullen en het zetten van highlights.<\/p><p>Door de jaren heen heb ik verschillende bijscholingscursussen gevolgd, zoals kleuren, herenkapsels opscheren en het knippen van krullen. Die laatste is een speciale techniek die niet veel kappers beheersen.<\/p><p>Ik adverteer niet \u2013 vrijwel al mijn klanten komen via mond-tot-mondreclame bij mij terecht.<\/p><p>Voor advies of het maken van een afspraak in Oosterbeek en omgeving kunt u mij altijd bellen.<\/p>\t\t\t\t\t\t\t\t<\/div>\n\t\t\t\t<\/div>\n\t\t\t\t\t<\/div>\n\t\t\t\t<\/div>\n\t\t\t\t<\/div>\n\t\t","protected":false},"excerpt":{"rendered":"<p>Mijn naam is Aukje Middelham. Ik ben zzp\u2019er en werk sinds 2000 als ambulant kapster en vanaf 2005 ook als nagelstyliste. Als kind was ik altijd al bezig met het haar van mijn klasgenootjes, zusjes en poppen \u2013 ik wist dus al vroeg wat ik wilde worden. Na vier jaar IVO-MAVO ben ik op mijn [&hellip;]<\/p>\n","protected":false},"author":1,"featured_media":0,"parent":0,"menu_order":0,"comment_status":"closed","ping_status":"closed","template":"","meta":{"footnotes":""},"class_list":["post-98","page","type-page","status-publish","hentry"],"blocksy_meta":[],"_links":{"self":[{"href":"https:\/\/stylinghairandnails.nl\/index.php\/wp-json\/wp\/v2\/pages\/98","targetHints":{"allow":["GET"]}}],"collection":[{"href":"https:\/\/stylinghairandnails.nl\/index.php\/wp-json\/wp\/v2\/pages"}],"about":[{"href":"https:\/\/stylinghairandnails.nl\/index.php\/wp-json\/wp\/v2\/types\/page"}],"author":[{"embeddable":true,"href":"https:\/\/stylinghairandnails.nl\/index.php\/wp-json\/wp\/v2\/users\/1"}],"replies":[{"embeddable":true,"href":"https:\/\/stylinghairandnails.nl\/index.php\/wp-json\/wp\/v2\/comments?post=98"}],"version-history":[{"count":43,"href":"https:\/\/stylinghairandnails.nl\/index.php\/wp-json\/wp\/v2\/pages\/98\/revisions"}],"predecessor-version":[{"id":497,"href":"https:\/\/stylinghairandnails.nl\/index.php\/wp-json\/wp\/v2\/pages\/98\/revisions\/497"}],"wp:attachment":[{"href":"https:\/\/stylinghairandnails.nl\/index.php\/wp-json\/wp\/v2\/media?parent=98"}],"curies":[{"name":"wp","href":"https:\/\/api.w.org\/{rel}","templated":true}]}}